{"id":658,"date":"2016-10-13T14:16:46","date_gmt":"2016-10-13T14:16:46","guid":{"rendered":"http:\/\/46.101.226.177\/?page_id=658"},"modified":"2023-01-31T21:18:00","modified_gmt":"2023-01-31T21:18:00","slug":"ueber_uns","status":"publish","type":"page","link":"https:\/\/www.jerra.de\/?page_id=658","title":{"rendered":"\u00dcber_uns"},"content":{"rendered":"<div class=\"layout_box box\"><h2>Gib dein Bestes,<br\/><span>und man h\u00f6rt nur Gutes.<\/span><\/h2><div class=\"img_wrap\"><img decoding=\"async\" src=\"http:\/\/www.jerra.de\/wp-content\/uploads\/2016\/10\/Screen-Shot-2016-10-18-at-22.52.51.png\" alt=\"Gib dein Bestes,\" width=\"80%\"><\/div><div class=\"cont_wrap\"><div class=\"cont\"><\/p>\n<p>Ist es das ber\u00fchmte Word of Mouth oder die mit dem Namen <span style=\"color: #eb0024;\">JERRA<\/span> verbundene Zuverl\u00e4ssigkeit, jedenfalls staunen wir oft, von welchem Punkt der Weltkarte aus man unsere Sicherheitsl\u00f6sungen anfragt. Neben unserer Homepage findet man uns in der Landeshauptstadt Saarbr\u00fccken auf dem Gebiet der ehemaligen Burbacher H\u00fctte, wo bis in die sp\u00e4ten 60er-Jahre Deutschlands Stahlproduktion mit der Herstellung von Drahtseilen werkte. Der revitalisierte Dienstleistungs- und Gewerbepark auf den Saarterrassen gilt als Vorzeigeprojekt f\u00fcr Stadtentwicklung.<br \/>\nDas Unternehmen <span style=\"color: #eb0024;\">JERRA<\/span> sitzt in der Heinrich-Barth-Stra\u00dfe, in einem Haus, das wegen seines modernen Aufbaues liebevoll Blue Box genannt wird. Der alte Steinbau war einmal ein Wasserk\u00fchler, als dort noch Eisen erzeugt und Kohle abgebaut wurde und der Ru\u00df der Schwerindustrie aus turmhohen Schloten in den Himmel stieg.<\/p>\n<p><\/div><\/div><div class=\"clear\"><!----><\/div><\/div>\n<div class=\"layout_box box\"><h2>biometrische rauchsignale<br\/><span>aus der vergangenheit.<\/span><\/h2><div class=\"img_wrap\"><img decoding=\"async\" src=\"http:\/\/www.jerra.de\/wp-content\/uploads\/2016\/10\/Briefmarke_FIN_animation_2.gif\" alt=\"biometrische rauchsignale\" width=\"100%\"><\/div><div class=\"cont_wrap\"><div class=\"cont\"><\/p>\n<p>F\u00fcr uns war der Blick durch die Zeitlupe auf diese historische Marke wie ein gutes Omen f\u00fcr das, woran <span style=\"color: #eb0024;\">JERRA<\/span> heute arbeitet. Die Zukunft f\u00fcr Biometrie war schon damals quasi verbrieft, wenn man mit ein wenig Phantasie einen Fingerprint im Kupferstich erkennt. Heute rauchen zum Gl\u00fcck nur noch die K\u00f6pfe der Ingenieure, wenn sie an der kontinuierlichen Weiterentwicklung unserer Produkte arbeiten.<br \/>\nDie Palette unserer Produkte deckt mit solider Hardware und einer ausgekl\u00fcgelten Software so gut wie alles ab, was man sich heute an Zuverl\u00e4ssigkeit in den Bereichen Sicherheitstechnik, Zutrittskontrolle, Zeiterfassung und Personenidentifikation w\u00fcnschen kann. Hier z\u00e4hlen Privatpersonen genauso zu unseren zufriedenen Kunden wie gro\u00dfe Unternehmen in allen Branchen und der \u00f6ffentlichen Verwaltung. Wir verf\u00fcgen \u00fcber ein Netz von namhaften internationalen Partnern und Distributoren, was uns erlaubt, unsere Expertise weltweit anbieten zu k\u00f6nnen.<\/p>\n<p><\/div><\/div><div class=\"clear\"><!----><\/div><\/div>\n<div class=\"layout_box box last_bottom\"><h2>Passwort Authentifikation war gestern.<br\/><span>Heute setzen alle auf Biometrie.<\/span><\/h2><div class=\"img_wrap\"><\/div><div class=\"cont_wrap\"><div class=\"cont\"><\/p>\n<p>Ob im Privatleben oder im Unternehmen, der Schutz durch Passw\u00f6rter ist oft m\u00fchsam und voller Unsicherheiten. Deshalb ist Biometrie heute State of the Art, was Identifikation und Verifikation betrifft.<br \/>\nEin Passwort ist etwas, das man wissen muss \u2013 Biometrie zeigt etwas, das man selbst ist: Den einzigartigen Fingerprint, das \u201eOne in a Million\u201c-Spektrum der Regenbogenhaut des menschlichen Auges oder die immer anders gearteten Verzweigungen einer Vene, um nur drei der wichtigsten biometrischen Schl\u00fcssel zu nennen.<\/p>\n<p><\/div><\/div><div class=\"clear\"><!----><\/div><\/div>\n<p style=\"text-align: center;\"><a href=\"http:\/\/www.jerra.de\/?page_id=41\" class=\"button\">Zur\u00fcck<\/a><\/p>\n","protected":false},"excerpt":{"rendered":"","protected":false},"author":2,"featured_media":0,"parent":41,"menu_order":0,"comment_status":"closed","ping_status":"closed","template":"","meta":{"footnotes":""},"class_list":["post-658","page","type-page","status-publish","hentry"],"_links":{"self":[{"href":"https:\/\/www.jerra.de\/index.php?rest_route=\/wp\/v2\/pages\/658","targetHints":{"allow":["GET"]}}],"collection":[{"href":"https:\/\/www.jerra.de\/index.php?rest_route=\/wp\/v2\/pages"}],"about":[{"href":"https:\/\/www.jerra.de\/index.php?rest_route=\/wp\/v2\/types\/page"}],"author":[{"embeddable":true,"href":"https:\/\/www.jerra.de\/index.php?rest_route=\/wp\/v2\/users\/2"}],"replies":[{"embeddable":true,"href":"https:\/\/www.jerra.de\/index.php?rest_route=%2Fwp%2Fv2%2Fcomments&post=658"}],"version-history":[{"count":13,"href":"https:\/\/www.jerra.de\/index.php?rest_route=\/wp\/v2\/pages\/658\/revisions"}],"predecessor-version":[{"id":1846,"href":"https:\/\/www.jerra.de\/index.php?rest_route=\/wp\/v2\/pages\/658\/revisions\/1846"}],"up":[{"embeddable":true,"href":"https:\/\/www.jerra.de\/index.php?rest_route=\/wp\/v2\/pages\/41"}],"wp:attachment":[{"href":"https:\/\/www.jerra.de\/index.php?rest_route=%2Fwp%2Fv2%2Fmedia&parent=658"}],"curies":[{"name":"wp","href":"https:\/\/api.w.org\/{rel}","templated":true}]}}