{"id":41,"date":"2016-10-07T14:09:27","date_gmt":"2016-10-07T14:09:27","guid":{"rendered":"http:\/\/46.101.226.177\/?page_id=41"},"modified":"2023-01-31T21:18:48","modified_gmt":"2023-01-31T21:18:48","slug":"ueber-uns","status":"publish","type":"page","link":"https:\/\/www.jerra.de\/?page_id=41","title":{"rendered":"\u00dcBER UNS"},"content":{"rendered":"<div class=\"layout_box box\"><h2>Engineered in Saarbr\u00fccken,<br\/><span>made in Germany.<\/span><\/h2><div class=\"img_wrap\"><img decoding=\"async\" src=\"http:\/\/www.jerra.de\/wp-content\/uploads\/2016\/11\/3_NEU.png\" alt=\"Engineered in Saarbr\u00fccken,\"><\/div><div class=\"cont_wrap\"><div class=\"cont\"> Das Unternehmen <span style=\"color: #eb0024;\">JERRA<\/span> z\u00e4hlt seit vielen Jahren zu den namhaften Herstellern von Sicherheitsl\u00f6sungen und Personenerkennungssystemen. Wir entwickeln, produzieren und distribuieren Komplettl\u00f6sungen, die einerseits ma\u00dfgeschneidert f\u00fcr das jeweilige Anforderungsprofil und andererseits beliebig erweiterbar sind. So rechnet sich die Investition in Sicherheit schon nach k\u00fcrzester Zeit. Wir bieten L\u00f6sungen, die wir \u00fcber f\u00fcnfzehn Jahre lang entwickelt, optimiert und f\u00fcr zahlreiche zufriedene Kunden auf der ganzen Welt umgesetzt haben. Dazu geh\u00f6ren Hochsicherheitscenter genauso wie Unternehmen in der Chemiebranche, im Baubereich sind es Architekten und Hersteller von T\u00fcren und Schlie\u00df-Systemen, aber oft sind unsere Kunden ganz einfach Privatpersonen mit hohen Anspr\u00fcchen, was den Schutz ihres Eigentums betrifft, ob das nun ideelle Sch\u00e4tze in den eigenen vier W\u00e4nden sind oder das unsch\u00e4tzbar wertvolle Gef\u00fchl von Sicherheit, das einem ein spezielles <span style=\"color: #eb0024;\">JERRA SICHERHEITSPAKET<\/span> selbst auf einem Boot im Yachthafen einer fremden Stadt geben kann, um nur ein Beispiel zu nennen. <\/div><a href=\"http:\/\/www.jerra.de\/?page_id=658\" class=\"button\">Erfahren Sie mehr<\/a><\/div><div class=\"clear\"><!----><\/div><\/div>\n<h2><\/h2>\n<div class=\"team_wrap\"><h2>unser team<\/h2><div class=\"team_content\"><\/p>\n<p><div class=\"member_wrap j_member_wrap\"><img decoding=\"async\" class=\"member_img j_member_img\" src=\"http:\/\/www.jerra.de\/wp-content\/uploads\/2016\/10\/member_1.png\" \/><h3>MAG. KARL PICHLER<\/h3><h4>Gesch\u00e4ftsf\u00fchrer<\/h4><div class=\"member_content j_member_content\"><\/p>\n<p>Ein Gesch\u00e4ft muss umfassend sein, es muss Spa\u00df machen und es muss deine Kreativit\u00e4t anregen &#8211; <em>Richard Branson.<\/em><\/p>\n<p>Die Sicherheitsl\u00f6sungen von JERRA erf\u00fcllen f\u00fcr mich genau diese Attribute und motivieren mich die Welt besser und sicherer zu machen.<em><span style=\"background: white; margin: 0px; color: #534741; letter-spacing: 0.1pt; font-family: 'Helvetica',sans-serif; font-size: 15pt;\">\u00a0\u00a0<\/div><\/div><\/span><\/em><\/p>\n<p><div class=\"member_wrap j_member_wrap\"><img decoding=\"async\" class=\"member_img j_member_img\" src=\"http:\/\/www.innovaticgroup.com\/wp-content\/uploads\/2017\/06\/katarzyna_pichler.png\" \/><h3>MAG. KATARZYNA PICHLER<\/h3><h4>Gesellschafter<\/h4><div class=\"member_content j_member_content\"><br \/>\nAuthentication in business or private life with passwords is burdensome. The state of art solution is biometric identification. Whereas a password is something you have to know, a biometric is something you are. You can&#8217;t fool mother nature. <\/div><\/div><\/p>\n<p><div class=\"member_wrap j_member_wrap\"><img decoding=\"async\" class=\"member_img j_member_img\" src=\"\/wp-content\/uploads\/2021\/03\/hepp.png\" \/><h3>PETER HESS<\/h3><h4>Leiter Entwicklung Hard- &amp; Software<\/h4><div class=\"member_content j_member_content\">Sicherheitstechnik zieht sich durch mein Leben. Seit nunmehr \u00fcber 10 Jahren bin ich mit der Hard- und Softwareentwicklung von Zutritts-\/Zeiterfassungssystemen bei der JERRA besch\u00e4ftigt, insbesondere mit der biometrischen Erfassung. Meine Leidenschaft habe ich zu meinem Beruf gemacht.<\/div><\/div><\/p>\n<p><\/div><div class=\"clear\"><!----><\/div><\/div>\n<div class=\"layout_box box last_bottom\"><h2>DIE INGENIEURE VON JERRA HABEN SICH SCHON FR\u00dcH<br\/><span>AUF DEN Internet-Protokoll-WEG GEMACHT.<\/span><\/h2><div class=\"img_wrap\"><img decoding=\"async\" src=\"http:\/\/www.jerra.de\/wp-content\/uploads\/2016\/10\/Jerra_AF_Internetofthings_Website.png\" alt=\"DIE INGENIEURE VON JERRA HABEN SICH SCHON FR\u00dcH\"><\/div><div class=\"cont_wrap\"><div class=\"cont\"> Seit \u00fcber 15 Jahren treiben wir die Entwicklung von Hard- und Software f\u00fcr die Datenerfassung in den Bereichen Sicherheitstechnik, Zutrittskontrolle, Zeiterfassung und Personenidentifikation voran. <span style=\"color: #eb0024;\">JERRA<\/span> bietet ma\u00dfgeschneiderte, erweiterbare Komplettl\u00f6sungen an. Auch wenn biometrische Produkte seit kurzem von vielen Firmen gerne mitangeboten werden, sollte man der Erfahrung den Vorzug geben. Wir haben den Schwerpunkt unseres Produktportfolios auf die Fingererkennung gelegt. Die Datenerfassung mit Hilfe von Fingerscans ist derzeit die L\u00f6sung f\u00fcr die Praxis. Sie bietet das beste Preis-Leistungs-Verh\u00e4ltnis, sowohl was Anschaffung, Sicherheit, als auch was Wartung betrifft. Sie ist effizient und schlie\u00dft Missbrauch weitgehend aus. Ihr gr\u00f6\u00dfter Vorteil aber ist die hohe Akzeptanz bei den Benutzern. Wir gehen weiter: In Zukunft kommuniziert alles mit allem, das Schlagwort dazu hei\u00dft \u201eInternet der Dinge\u201c, abgek\u00fcrzt IoT (Internet of Things). Durch die Konvergenz der physischen mit der digitalen Welt entsteht ein Innovationsschub, der M\u00e4rkte revolutioniert. Repr\u00e4sentative Studien best\u00e4tigen, dass Sicherheit die gr\u00f6\u00dfte Herausforderung des IoT darstellt. Denn St\u00f6rungen und Manipulation des Internet of Things (IoT) k\u00f6nnen gro\u00dfen Schaden anrichten. Wenn wir \u00fcberall von Gegenst\u00e4nden umgeben sind, die pausenlos Daten ins Internet schicken, wird es immer wichtiger, biometrische Sicherheitsl\u00f6sungen zu haben, um zu wissen, wer auf die Daten und damit auf die Dinge Zugriff hat \u2013 und was diese Personen mit den Daten machen d\u00fcrfen. Die Industrie entwickelt sich sehr rasch zu einem All-IP-Gesch\u00e4ft. <span style=\"color: #eb0024;\">JERRA<\/span> ist bereits auf dem IP-Weg und schon jetzt mit den f\u00fchrenden Unternehmen vernetzt. Wenn man bedenkt, was ein Finger alles \u00f6ffnen kann \u2013 was f\u00fcr eine Welt erst tut sich f\u00fcr alle zehn Finger auf! Eines Menschen ganze pers\u00f6nliche Welt, mit allen Dingen, die einem das Leben erleichtern. Alles muss ein- und ausgeschaltet \u2013 zu- und aufgesperrt \u2013 laut und leise \u2013 warm oder kalt \u2013 schnell oder langsam \u2013 Alarmanlagen scharf oder unscharf geschalten werden. Und \u2013 wenn die Dinge intelligent miteinander kommunizieren, spart das viel Geld und M\u00fche. <\/div><\/div><div class=\"clear\"><!----><\/div><\/div>\n","protected":false},"excerpt":{"rendered":"","protected":false},"author":1,"featured_media":0,"parent":0,"menu_order":0,"comment_status":"closed","ping_status":"closed","template":"","meta":{"footnotes":""},"class_list":["post-41","page","type-page","status-publish","hentry"],"_links":{"self":[{"href":"https:\/\/www.jerra.de\/index.php?rest_route=\/wp\/v2\/pages\/41","targetHints":{"allow":["GET"]}}],"collection":[{"href":"https:\/\/www.jerra.de\/index.php?rest_route=\/wp\/v2\/pages"}],"about":[{"href":"https:\/\/www.jerra.de\/index.php?rest_route=\/wp\/v2\/types\/page"}],"author":[{"embeddable":true,"href":"https:\/\/www.jerra.de\/index.php?rest_route=\/wp\/v2\/users\/1"}],"replies":[{"embeddable":true,"href":"https:\/\/www.jerra.de\/index.php?rest_route=%2Fwp%2Fv2%2Fcomments&post=41"}],"version-history":[{"count":36,"href":"https:\/\/www.jerra.de\/index.php?rest_route=\/wp\/v2\/pages\/41\/revisions"}],"predecessor-version":[{"id":1847,"href":"https:\/\/www.jerra.de\/index.php?rest_route=\/wp\/v2\/pages\/41\/revisions\/1847"}],"wp:attachment":[{"href":"https:\/\/www.jerra.de\/index.php?rest_route=%2Fwp%2Fv2%2Fmedia&parent=41"}],"curies":[{"name":"wp","href":"https:\/\/api.w.org\/{rel}","templated":true}]}}