{"id":39,"date":"2016-10-07T14:08:24","date_gmt":"2016-10-07T14:08:24","guid":{"rendered":"http:\/\/46.101.226.177\/?page_id=39"},"modified":"2023-01-31T20:05:24","modified_gmt":"2023-01-31T20:05:24","slug":"zutrittskontrolle","status":"publish","type":"page","link":"https:\/\/www.jerra.de\/?page_id=39","title":{"rendered":"Zutrittskontrolle"},"content":{"rendered":"<div class=\"layout_box box\"><h2>Es geht nicht darum, ob die T\u00fcre aufgeht.<br\/><span>Es geht darum, f\u00fcr wen sie aufgeht.<\/span><\/h2><div class=\"img_wrap\"><img decoding=\"async\" src=\"http:\/\/www.jerra.de\/wp-content\/uploads\/2016\/11\/home_1.png\" alt=\"Es geht nicht darum, ob die T\u00fcre aufgeht.\" width=\"50%\"><div class=\"blink zutritskontrolle\"><\/div><\/div><div class=\"cont_wrap\"><div class=\"cont\"><br \/>\nBiometrische Zutrittskontrolle hat einen entscheidenden Vorteil gegen\u00fcber Schl\u00fcsseln, Codes oder Karten. Sie ist nicht \u00fcbertragbar. Nur so hat man auch wirklich die Kontrolle dar\u00fcber, wer wo ein- oder ausgeht. Wer welche Daten einsehen oder drucken darf. Und au\u00dferdem kann der Daumen nicht verlorengehen. Deshalb macht eine <span style=\"color: #eb0024;\">JERRA L\u00d6SUNG<\/span> auch im Privatbereich \u2013 zum Beispiel f\u00fcr Familien mit Kindern \u2013 Sinn.<br \/>\n<\/div><\/div><div class=\"clear\"><!----><\/div><\/div>\n<div class=\"layout_box one_half_box\"><h2>ZUTRITTSKONTROLLE<br\/><span>perimeter<\/span><\/h2><div class=\"img_wrap\"><img decoding=\"async\" src=\"http:\/\/www.jerra.de\/wp-content\/uploads\/2016\/10\/Jerra_AF_Fabrik_Website.png\" alt=\"ZUTRITTSKONTROLLE\"><\/div><div class=\"cont_wrap\"><a href=\"http:\/\/www.jerra.de\/?page_id=567\" class=\"button\">Erfahren Sie mehr<\/a><\/div><\/div>\n<div class=\"layout_box one_half_box last\"><h2>ZUTRITTSKONTROLLE<br\/><span>geb\u00e4ude aussen<\/span><\/h2><div class=\"img_wrap\"><img decoding=\"async\" src=\"http:\/\/www.jerra.de\/wp-content\/uploads\/2016\/10\/Jerra_AF_Haus_Website.png\" alt=\"ZUTRITTSKONTROLLE\"><\/div><div class=\"cont_wrap\"><a href=\"http:\/\/www.jerra.de\/?page_id=563\" class=\"button\">Erfahren Sie mehr<\/a><\/div><\/div><div class=\"clear\"><!----><\/div>\n<div class=\"layout_box one_half_box\"><h2>ZUTRITTSKONTROLLE<br\/><span>geb\u00e4ude innen<\/span><\/h2><div class=\"img_wrap\"><img decoding=\"async\" src=\"http:\/\/www.jerra.de\/wp-content\/uploads\/2016\/10\/Jerra_AF_Serverraum_Website.png\" alt=\"ZUTRITTSKONTROLLE\" width=\"80%\"><\/div><div class=\"cont_wrap\"><a href=\"http:\/\/www.jerra.de\/?page_id=561\" class=\"button\">Erfahren Sie mehr<\/a><\/div><\/div>\n<div class=\"layout_box one_half_box last\"><h2>ZUTRITTSKONTROLLE<br\/><span>sonderl\u00f6sungen<\/span><\/h2><div class=\"img_wrap\"><img decoding=\"async\" src=\"http:\/\/www.jerra.de\/wp-content\/uploads\/2016\/10\/Jerra_AF_Boot_Website.png\" alt=\"ZUTRITTSKONTROLLE\" width=\"100%\"><\/div><div class=\"cont_wrap\"><a href=\"http:\/\/www.jerra.de\/?page_id=565\" class=\"button\">Erfahren Sie mehr<\/a><\/div><\/div><div class=\"clear\"><!----><\/div>\n<div class=\"layout_box box\"><h2>jerra sicherheitsl\u00f6sungen<br\/><span>haben einen zentralen vorteil.<\/span><\/h2><div class=\"img_wrap\"><img decoding=\"async\" src=\"http:\/\/www.jerra.de\/wp-content\/uploads\/2016\/10\/Jerra_AF_Weltkarte_Website.png\" alt=\"jerra sicherheitsl\u00f6sungen\" width=\"100%\"><\/div><div class=\"cont_wrap\"><div class=\"cont\"><\/p>\n<p>Was unsere L\u00f6sungen von anderen unterscheidet, ist die M\u00f6glichkeit der dezentralen Erfassung aller relevanten biometrischen Daten, die \u00fcber das Internet zentral auf Servern oder in der Cloud gespeichert werden.<br \/>\nDas hei\u00dft, es k\u00f6nnen zum Beispiel in jeder Filiale eines Unternehmens Erstregistrierungen vorgenommen werden, die dann von einer Zentrale aus verwaltet und \u00fcberblickt werden. Oder, wenn man zum Beispiel Wohnungen vermietet, kann man von einer Stelle aus \u2013 sogar online \u2013 biometrische Schl\u00fcssel ausgeben.<br \/>\nDiese L\u00f6sung ist mit einem h\u00f6chsten Ma\u00df an Praktikabilit\u00e4t und Zuverl\u00e4ssigkeit verbunden. Und letztlich auch sehr \u00f6konomisch.<br \/>\nDenn von unserer Plattforml\u00f6sung aus wird alles gesteuert. Sie ist kompatibel mit diversen Systemen und Systemerweiterungen. Durch innovative Technologien kann eine <span style=\"color: #eb0024;\">JERRA ZUGRIFFSPLATTFORM<\/span> jederzeit f\u00fcr Partner oder Drittanbieter autorisiert werden.<\/p>\n<p><\/div><\/div><div class=\"clear\"><!----><\/div><\/div>\n<div class=\"layout_box box wide\"><h2>biometrische zutrittskontrolle kommt<br\/><span>am besten komplett aus einer hand.<\/span><\/h2><div class=\"img_wrap\"><img decoding=\"async\" src=\"http:\/\/www.jerra.de\/wp-content\/uploads\/2016\/10\/Tabelle_Zutrittskontrolle_ausEinerHand.png\" alt=\"biometrische zutrittskontrolle kommt\" width=\"100%\"><\/div><div class=\"cont_wrap\"><div class=\"cont\"><\/p>\n<p>Mit unserem Netz namhafter<br \/>\nPartner und Distributoren sind wir<br \/>\nin der Lage, Ihnen ein Sicher-<br \/>\nheitswohlf\u00fchlpaket als Komplett-<br \/>\nl\u00f6sung international anzubieten.<br \/>\nVom Sensor bis zur Software, alles aus verl\u00e4sslicher Hand.<\/p>\n<p><\/div><\/div><div class=\"clear\"><!----><\/div><\/div>\n<p style=\"text-align: center;\"><a class=\"button\" href=\"http:\/\/jerra.archimetrics.at\/embed\/ebook?mag=1\" target=\"_new\" rel=\"noopener\">ZUTRITTSKONTROLLE BROSCH\u00dcRE<\/a><\/p>\n","protected":false},"excerpt":{"rendered":"<p>ZUTRITTSKONTROLLE BROSCH\u00dcRE<\/p>\n","protected":false},"author":1,"featured_media":0,"parent":2,"menu_order":0,"comment_status":"closed","ping_status":"closed","template":"","meta":{"footnotes":""},"class_list":["post-39","page","type-page","status-publish","hentry"],"_links":{"self":[{"href":"https:\/\/www.jerra.de\/index.php?rest_route=\/wp\/v2\/pages\/39","targetHints":{"allow":["GET"]}}],"collection":[{"href":"https:\/\/www.jerra.de\/index.php?rest_route=\/wp\/v2\/pages"}],"about":[{"href":"https:\/\/www.jerra.de\/index.php?rest_route=\/wp\/v2\/types\/page"}],"author":[{"embeddable":true,"href":"https:\/\/www.jerra.de\/index.php?rest_route=\/wp\/v2\/users\/1"}],"replies":[{"embeddable":true,"href":"https:\/\/www.jerra.de\/index.php?rest_route=%2Fwp%2Fv2%2Fcomments&post=39"}],"version-history":[{"count":58,"href":"https:\/\/www.jerra.de\/index.php?rest_route=\/wp\/v2\/pages\/39\/revisions"}],"predecessor-version":[{"id":1827,"href":"https:\/\/www.jerra.de\/index.php?rest_route=\/wp\/v2\/pages\/39\/revisions\/1827"}],"up":[{"embeddable":true,"href":"https:\/\/www.jerra.de\/index.php?rest_route=\/wp\/v2\/pages\/2"}],"wp:attachment":[{"href":"https:\/\/www.jerra.de\/index.php?rest_route=%2Fwp%2Fv2%2Fmedia&parent=39"}],"curies":[{"name":"wp","href":"https:\/\/api.w.org\/{rel}","templated":true}]}}