{"id":1154,"date":"2016-10-02T20:57:29","date_gmt":"2016-10-02T20:57:29","guid":{"rendered":"http:\/\/www.jerra.de\/en\/impressum\/"},"modified":"2022-01-05T11:53:00","modified_gmt":"2022-01-05T11:53:00","slug":"impressum","status":"publish","type":"page","link":"https:\/\/www.jerra.de\/?page_id=1154&lang=en","title":{"rendered":"Impressum"},"content":{"rendered":"<div class=\"hidden_content_wrap j_hidden_content_wrap open\"><div class=\"title j_hidden_content_toggle\">ANBIETER<\/div><div class=\"icon j_hidden_content_icon\"><\/div><div class=\"clear\"><!----><\/div><div class=\"content j_hidden_content\"><\/p>\n<p><b>Name und Anschrift<\/b><\/p>\n<p>JERRA GmbH<\/p>\n<p>Heinrich-Barth-Stra\u00dfe 18<\/p>\n<p>66115 Saarbr\u00fccken<\/p>\n<p>Germany<\/p>\n<p>Tel.: +49 (0)681 859 19 0<br \/>\nFax: +49 (0)681 859 19 29<\/p>\n<p>E-Mail: info@jerra.de<\/p>\n<p>Homepage: www.jerra.de<\/p>\n<p>JERRA GmbH &#8211; Zweigniederlassung \u00d6sterreich<\/p>\n<p>Graben 28\/Stiege 1\/Top 12<\/p>\n<p>1010 Wien<\/p>\n<p>\u00d6sterreich<br \/>\nTel.: +43 664 841 31 48<\/p>\n<p>E-Mail: karl.pichler@jerra.de<\/p>\n<p><b>Rechtliche Angaben <\/b><br \/>\nVertretungsberechtigt Deutschland: Mag. Karl Pichler<br \/>\nRegistergericht: Amtsgericht Saarbr\u00fccken<br \/>\nRegisternummer: HRB 102867<br \/>\nST.-NR.: 040\/111\/06329<br \/>\nUST-ID: DE303513793<\/p>\n<p>Vertretungsberechtigt \u00d6sterreich: Mag. Karl Pichler<br \/>\nRegistergericht: Handelsgericht Wien<br \/>\nFirmenbuchnummer: FN 490365 a<br \/>\nST.-NR.: 09 325\/9059<br \/>\nUST-ID: ATU73422067<\/p>\n<p><strong>Inhaltlich Verantwortlicher <\/strong>gem\u00e4\u00df \u00a7 55 Abs. 2 RStV:<\/p>\n<p>Mag. Karl Pichler<\/p>\n<p>Heinrich-Barth-Stra\u00dfe 18<\/p>\n<p>66115 Saarbr\u00fccken<\/p>\n<p>Deutschland<\/p>\n<p>info@jerra.de<\/p>\n<p><b>Technische Angaben <\/b><br \/>\nTechnisch Verantwortlicher:<\/p>\n<p>Peter Hess<\/p>\n<p>webmaster@jerra.de<\/p>\n<p><b>Bildnachweise <\/b><br \/>\nDesign Dominka Oya<br \/>\nIllustrationen Jonas Weber<\/p>\n<p><\/div><\/div>\n<div class=\"hidden_content_wrap j_hidden_content_wrap\"><div class=\"title j_hidden_content_toggle\">Rechtliche Hinweise der Jerra GmbH<\/div><div class=\"icon j_hidden_content_icon\"><\/div><div class=\"clear\"><!----><\/div><div class=\"content j_hidden_content\"><\/p>\n<p>Alle Rechte vorbehalten. Text, Bilder, Grafiken, Sound, Animationen und Videos sowie deren Anordnung auf der Jerra-Website unterliegen dem Schutz des Urheberrechts und anderer Schutzgesetze. Der Inhalt dieser Website darf nicht zu kommerziellen Zwecken kopiert, verbreitet, ver\u00e4ndert oder Dritten zug\u00e4nglich gemacht werden. Die Jerra-Website enth\u00e4lt au\u00dferdem Bilder, die dem Copyright Dritter unterliegen.<\/p>\n<p><b>Markenverzeichnis<\/b><br \/>\nSoweit nicht anders angegeben, sind alle Markenzeichen auf der Jerra-Website markenrechtlich gesch\u00fctzt. Dies gilt insbesondere f\u00fcr Jerra-Marken, Typenschilder, Firmenlogos und Embleme. Die auf unseren Seiten verwendeten Marken und Gestaltungselemente sind geistiges Eigentum der Jerra GmbH, Deutschland.<\/p>\n<p><b>Garantieverzeichnis<\/b><br \/>\nDiese Website wurde mit gr\u00f6\u00dftm\u00f6glicher Sorgfalt zusammengestellt. Trotzdem kann f\u00fcr die Fehlerfreiheit und Genauigkeit der enthaltenen Informationen nicht garantiert werden. Jegliche Haftung f\u00fcr Sch\u00e4den, die direkt oder indirekt aus der Benutzung dieser Website entstehen, ist ausgeschlossen, soweit diese nicht auf Vorsatz oder grober Fahrl\u00e4ssigkeit von Jerra beruhen.<\/p>\n<p><b>Lizenzverzeichnis<\/b><br \/>\nDas in der Jerra-Website enthaltene geistige Eigentum wie Patente, Marken und Urheberrechte ist gesch\u00fctzt. Durch diese Website wird keine Lizenz zur Nutzung des geistigen Eigentums von Unternehmen der Jerra GmbH oder Dritten erteilt.<\/p>\n<p><b>Online-Streitbeilegung (OS)<\/b><br \/>\nInformation zur Online-Streitbeilegung: Die Europ\u00e4ische Kommission stellt eine Plattform zur Online-Streitbeilegung (OS) bereit. Diese Plattform soll als Anlaufstelle zur au\u00dfergerichtlichen Beilegung von Streitigkeiten dienen, die vertragliche Verpflichtungen von Online-Kaufvertr\u00e4gen und Online-Dienstvertr\u00e4gen betreffen. Die Plattform ist unter <a href=\"http:\/\/ec.europa.eu\/consumers\/odr\/\" target=\"_blank\" rel=\"noopener\">http:\/\/ec.europa.eu\/consumers\/odr\/<\/a> erreichbar.<\/p>\n<p><\/div><\/div>\n<div class=\"hidden_content_wrap j_hidden_content_wrap\"><div class=\"title j_hidden_content_toggle\">Datenschutzgrunds\u00e4tze der Jerra GmbH<\/div><div class=\"icon j_hidden_content_icon\"><\/div><div class=\"clear\"><!----><\/div><div class=\"content j_hidden_content\"><\/p>\n<p>Die Jerra GmbH freut sich \u00fcber Ihren Besuch unserer Internetseiten und \u00fcber Ihr Interesse an unserem Unternehmen und unseren Produkten.<\/p>\n<p><b>Jerra respektiert Ihre Privatsph\u00e4re<\/b><br \/>\nDer Schutz Ihrer Privatsph\u00e4re bei der Verarbeitung personenbezogener Daten sowie die Sicherheit aller Gesch\u00e4ftsdaten ist uns ein wichtiges Anliegen, das wir in unseren Gesch\u00e4ftsprozessen ber\u00fccksichtigen. Wir verarbeiten personenbezogene Daten, die bei Ihrem Besuch unserer Webseiten erhoben werden, vertraulich und nur gem\u00e4\u00df den gesetzlichen Bestimmungen. Datenschutz und Informationssicherheit sind Bestandteil unserer Unternehmenspolitik. Erhebung und Verarbeitung personenbezogener Daten Personenbezogene Daten werden nur dann gespeichert, wenn Sie uns diese von sich aus zu dem jeweiligen Zweck z.B. im Rahmen einer Registrierung, einer Umfrage, eines Preisausschreibens oder zur Durchf\u00fchrung eines Vertrages f\u00fcr den Sie sie freigegeben haben, angeben. Dar\u00fcber hinaus werden folgende Informationen bei einem Besuch unserer Internetseiten erfasst: IP Adresse, Webseite von der aus der Besuch erfolgt (referrer), besuchte Seiten (pages), heruntergeladene Dateien (downloads), Ansicht von Videos\/Audio, Klick auf einzelne Links, Suchworte oder Suchphrasen (site search), Dauer des Besuchs, genutzter Browser &#8230; Falls der Besuch \u00fcber Online-Werbung mittels bspw. Banner, Video-Ads, Suchmaschinen Werbung, \u2026 erfolgt, erfassen wir zus\u00e4tzlich, welches Banner oder Adword \u2026 zum Besuch der Jerra-Internetseiten motiviert hat. Mit diesen Erkenntnissen k\u00f6nnen wir unsere Internetseiten weiter optimieren und noch besser auf die Bed\u00fcrfnisse unserer Besucher zuschneiden.<\/p>\n<p><b>Verwendung von Cookies<\/b><\/p>\n<p>1) Jerra-Cookies Jerra verwendet Cookies und aktive Komponenten (z.B. JavaScript), um Pr\u00e4ferenzen der Besucher verfolgen und die Webseiten entsprechend optimal gestalten zu k\u00f6nnen. Cookies sind kleine Textdateien, die auf Ihrem Computer gespeichert werden, wenn Sie unsere Internetseite besuchen. Wenn Sie es m\u00f6chten, k\u00f6nnen Sie die Cookies jederzeit wieder l\u00f6schen. Dies kann allerdings dazu f\u00fchren, dass Ihnen einzelne Funktionen nicht mehr zur Verf\u00fcgung stehen. Zum L\u00f6schen der Cookies informieren Sie sich bitte in der Hilfefunktion Ihres Browsers.<\/p>\n<p>2) Cookies von Dritten Auf einigen Jerra Internetseiten sind Inhalte und Dienste von anderen Anbietern (z.B. YouTube, Facebook, Twitter) eingebunden, die ihrerseits Cookies und aktive Komponenten verwenden k\u00f6nnen. Jerra hat auf die Verarbeitung von personenbezogenen Daten durch diese Anbieter keinen Einfluss.<\/p>\n<p><b>Verwendung des Webanalyse-Tools Webtrends<\/b><br \/>\nF\u00fcr die Internetseiten f\u00fchrt Jerra Zugriffsmessungen mit dem Webanalyse-Tool Webtrends durch. Die Zugriffsdaten werden anonymisiert erfasst, sodass keine Verbindung zu einem Nutzer hergestellt werden kann. Insbesondere geschieht dies durch die Anonymisierung der IP-Adresse. Zur Messung werden Cookies eingesetzt um die Analyse der Benutzung der Website zu erm\u00f6glichen. Insbesondere kann Jerra damit die Datenqualit\u00e4t verbessern. Die erzeugten Informationen \u00fcber die Benutzung der Internetseiten werden anonymisiert an den Statistik-Server (statse.webtrendslive.com) \u00fcbertragen, der von Webtrends Inc, 555 SW Oak Street, Suite 300, Portland, OR 97204, USA (\u201cWebtrends\u201d) in den Vereinigten Staaten von Amerika betrieben wird. Zugriff auf diese anonymisierten Daten erhalten ausschlie\u00dflich berechtigte Personen.<\/p>\n<p><b>Verwendung von Social Plugins im Rahmen von Social Media<\/b><\/p>\n<p>1) Facebook Jerra-Internetseiten verwenden Social Plugins (\u201ePlugins\u201c) des sozialen Netzwerkes Facebook.com, welches von der Facebook Inc., Palo Alto, USA betrieben wird (\u201eFacebook\u201c). Die Plugins sind mit einem Facebook-Logo oder dem Zusatz \u201eFacebook\u201c oder \u201eLike\u201c oder \u201eShare\u201c gekennzeichnet. Wenn Sie eine Seite unseres Internetauftritts aufrufen, die solche Plugins enth\u00e4lt, dann sind diese zun\u00e4chst deaktiviert. Erst wenn Sie den bereitgestellten Button klicken, werden die Plugins aktiviert. Mit dieser Aktivierung stellen Sie die Verbindung zu Facebook her und erkl\u00e4ren Ihre Einwilligung zur \u00dcbermittlung von Daten an Facebook. Sind Sie bei Facebook eingeloggt, kann Facebook den Besuch Ihrem dortigen Konto zuordnen. Wenn Sie den jeweiligen Button bet\u00e4tigen, wird die entsprechende Information von Ihrem Browser direkt an Facebook \u00fcbermittelt und dort gespeichert. Zweck und Umfang der Datenerhebung, der weiteren Verarbeitung und Nutzung der Daten durch Facebook sowie Ihre diesbez\u00fcglichen Rechte und Einstellungsm\u00f6glichkeiten zum Schutz Ihrer Privatsph\u00e4re entnehmen Sie, bitte, den Datenschutzhinweisen von Facebook. Wenn Sie es nicht m\u00f6chten, dass Facebook \u00fcber unseren Internetauftritt Daten \u00fcber Sie sammelt, m\u00fcssen Sie sich vor Ihrem Besuch unseres Internetauftritts bei Facebook ausloggen.<\/p>\n<p>2) Google+ Jerra-Internetseiten verwenden Social Plugins (\u201ePlugins\u201c) des sozialen Netzwerkes plus.Google.com, welches von Google Inc., 1600 Amphitheatre Parkway, Mountain View, CA 94043, United States (\u201eGoogle\u201c) betrieben wird. Die Plugins sind mit dem Google+Logo oder dem Zusatz \u201eGoogle+\u201c oder \u201eGoogle plus\u201c, oder \u201e+1\u201c gekennzeichnet. Wenn Sie eine Seite unseres Internetauftritts aufrufen, die solche Plugins enth\u00e4lt, dann sind diese zun\u00e4chst deaktiviert. Erst wenn Sie den bereitgestellten Button klicken, werden die Plugins aktiviert. Mit dieser Aktivierung stellen Sie die Verbindung zu Google+ her und erkl\u00e4ren Ihre Einwilligung zur \u00dcbermittlung von Daten an Google. Sind Sie bei Google+ eingeloggt, kann Google den Besuch Ihrem dortigen Konto zuordnen. Wenn Sie den jeweiligen Button bet\u00e4tigen, wird die entsprechende Information von Ihrem Browser direkt an Google \u00fcbermittelt und dort gespeichert. Zweck und Umfang der Datenerhebung, der weiteren Verarbeitung und Nutzung der Daten durch Google sowie Ihre diesbez\u00fcglichen Rechte und Einstellungsm\u00f6glichkeiten zum Schutz Ihrer Privatsph\u00e4re entnehmen Sie, bitte, den Datenschutzhinweisen von Google. Wenn Sie es nicht m\u00f6chten, dass Google \u00fcber unseren Internetauftritt Daten \u00fcber Sie sammelt, m\u00fcssen Sie sich vor Ihrem Besuch unseres Internetauftritts bei Google+ ausloggen.<\/p>\n<p>3) YouTube Jerra-Internetseiten verwenden die Videoplattform YouTube, welche von YouTube LLC, 901 Cherry Ave. San Bruno, CA 94066 in USA betrieben wird. YouTube ist eine Plattform, durch die die Wiedergabe von Audio- und Videodateien erm\u00f6glicht wird. Wenn Sie eine Seite unseres Internetauftritts aufrufen, stellt der dort eingebundene Player von YouTube eine Verbindung zu YouTube her, um die technische \u00dcbertragung des Videos bzw. der Audiodatei sicherzustellen. Bei der Herstellung der Verbindung zu YouTube werden Daten an YouTube \u00fcbertragen. Zweck und Umfang der Datenerhebung, der weiteren Verarbeitung und Nutzung der Daten durch YouTube sowie Ihre diesbez\u00fcglichen Rechte und Einstellungsm\u00f6glichkeiten zum Schutz Ihrer Privatsph\u00e4re entnehmen Sie bitte den Datenschutzhinweisen von YouTube.<\/p>\n<p>4) Twitter Jerra-Internetseiten verwenden Social Plugins (\u201ePlugins\u201c) des sozialen Netzwerkes Twitter, welches von Twitter Inc., 1355 Market Street, Suite 900, San Francisco, CA 94103, USA betrieben wird (\u201eTwitter\u201c). Die Plugins sind mit einem Twitter-Logo oder dem Zusatz \u201eTweet\u201c gekennzeichnet. Wenn Sie eine Seite unseres Internetauftritts aufrufen, die solche Plugins enth\u00e4lt, dann sind diese zun\u00e4chst deaktiviert. Erst wenn Sie den bereitgestellten Button klicken, werden die Plugins aktiviert. Mit dieser Aktivierung stellen Sie die Verbindung zu Twitter her und erkl\u00e4ren Ihre Einwilligung zur \u00dcbermittlung von Daten an Twitter. Sind Sie bei Twitter eingeloggt, kann Twitter den Besuch Ihrem dortigen Konto zuordnen. Wenn Sie den jeweiligen Button bet\u00e4tigen, wird die entsprechende Information von Ihrem Browser direkt an Twitter \u00fcbermittelt und dort gespeichert. Zweck und Umfang der Datenerhebung, der weiteren Verarbeitung und Nutzung der Daten durch Twitter sowie Ihre diesbez\u00fcglichen Rechte und Einstellungsm\u00f6glichkeiten zum Schutz Ihrer Privatsph\u00e4re entnehmen Sie bitte den Datenschutzhinweisen von Twitter. Verwendung von externen Links Jerra-Internetseiten k\u00f6nnen Links zu Internetseiten Dritter \u2212 mit uns nicht verbundener Anbieter \u2212 enthalten. Nach Anklicken des Links haben wir keinen Einfluss mehr auf die Erhebung, Speicherung, Verarbeitung etwaiger mit dem Anklicken des Links an den Dritten \u00fcbertragener, personenbezogener Daten (wie zum Beispiel die IP-Adresse oder die URL der Seite, auf der sich der Link befindet), da das Verhalten Dritter naturgem\u00e4\u00df unserer Kontrolle entzogen ist. F\u00fcr die Verarbeitung derartiger personenbezogener Daten durch Dritte \u00fcbernimmt Jerra keine Verantwortung. Verwendung personenbezogener Daten und Zweckbindung Jerra oder ein von Jerra beauftragtes Dienstleistungsunternehmen nutzt Ihre personenbezogenen Daten zu Zwecken der technischen Administration der Webseiten, zur Kundenverwaltung, f\u00fcr Produktumfragen und f\u00fcr Ihre Anfragen bei Jerra nur im jeweils daf\u00fcr erforderlichen Umfang oder gem\u00e4\u00df den Angaben der Verarbeitungszwecke an den entsprechenden Stellen unserer Webseiten. Unsere Mitarbeiter und die von Jerra beauftragten Dienstleistungsunternehmen sind zur Verschwiegenheit und zur Einhaltung der Bestimmungen des Bundesdatenschutzgesetzes verpflichtet. Des Weiteren werden alle erforderlichen technischen und organisatorischen Ma\u00dfnahmen zur Einhaltung des Datenschutzes sichergestellt.<\/p>\n<p><b>Sicherheit<\/b><br \/>\nJerra trifft Sicherheitsvorkehrungen, um Ihre durch uns verwalteten Daten gegen Manipulation, Verlust, Zerst\u00f6rung oder gegen Zugriff unberechtigter Personen oder unberechtigte Offenlegung zu sch\u00fctzen. Unsere Sicherheitsma\u00dfnahmen werden entsprechend der technologischen Entwicklung st\u00e4ndig verbessert.<\/p>\n<p><b>Werbung<\/b><br \/>\nWenn Sie uns personenbezogene Daten geben, dann nutzen wir diese um Sie \u00fcber unsere Produkte und Dienstleistungen informieren zu k\u00f6nnen und Sie gegebenenfalls hier\u00fcber zu befragen, sofern Sie uns hierzu ausdr\u00fccklich Ihre Einwilligung zur Nutzung Ihrer personenbezogenen Daten f\u00fcr Werbezwecke gegeben haben. Wenn Sie zwar Ihre Einwilligung f\u00fcr eine solche Nutzung gegeben haben, aber in Zukunft keine Werbung von Jerra erhalten m\u00f6chten, dann k\u00f6nnen Sie Ihre Einwilligung jederzeit f\u00fcr die Zukunft widerrufen. Ihre Daten werden dann entsprechend gel\u00f6scht oder, sofern sie f\u00fcr Abrechnungs- und Buchhaltungszwecke noch erforderlich sind, gesperrt.<\/p>\n<p><b>Widerspruch<\/b><br \/>\nWeiterhin k\u00f6nnen Sie jederzeit Ihre Einwilligung zur Erhebung, Verarbeitung und Nutzung Ihrer personenbezogenen Daten f\u00fcr die Zukunft widerrufen. Die L\u00f6schung der personenbezogenen Daten erfolgt, wenn Sie die Einwilligung zur Speicherung widerrufen, wenn die Kenntnis der personenbezogenen Daten zur Erf\u00fcllung des mit der Speicherung verfolgten Zwecks nicht mehr erforderlich ist oder wenn die Speicherung aus sonstigen gesetzlichen Gr\u00fcnden unzul\u00e4ssig ist. Daten, die f\u00fcr Abrechnungs- und Buchhaltungszwecke erforderlich sind oder der gesetzlichen Aufbewahrungspflicht unterliegen, sind davon nicht ber\u00fchrt.<\/p>\n<p><b>Kontakt<\/b><br \/>\nF\u00fcr Auskunft, Anregungen und Beschwerden hinsichtlich der Verarbeitung Ihrer personenbezogenen Daten, k\u00f6nnen Sie sich an unseren Beauftragten f\u00fcr den Datenschutz wenden. Sollten trotz unserer Bem\u00fchungen um Datenrichtigkeit und Aktualit\u00e4t falsche Informationen gespeichert sein, werden wir diese auf Ihre Aufforderung hin berichtigen.<\/p>\n<p>Herr Peter Hess Beauftragter f\u00fcr den Datenschutz<\/p>\n<p><\/div><\/div>\n<div class=\"hidden_content_wrap j_hidden_content_wrap\"><div class=\"title j_hidden_content_toggle\">Technische Voraussetzungen<\/div><div class=\"icon j_hidden_content_icon\"><\/div><div class=\"clear\"><!----><\/div><div class=\"content j_hidden_content\"><\/p>\n<p>Damit unsere Internetseiten auf Ihrem Computer optimal dargestellt werden und Sie s\u00e4mtliche Funktionen nutzen k\u00f6nnen, beachten Sie bitte die folgenden Hinweise:<\/p>\n<p><b>Browser<\/b><br \/>\nWir empfehlen die Nutzung folgender Browser-Versionen: Internet Explorer ab 8.x, Mozilla Firefox ab 10.x, Google Chrome ab 18.0.x sowie Safari ab 5.x. Beim Einsatz \u00e4lterer Browser-Versionen (z.B. Internet Explorer 6) kann es in einigen F\u00e4llen zu Funktionseinschr\u00e4nkungen unserer Angebote kommen.<\/p>\n<p><b>Flash\u00ae Player<\/b><br \/>\nEinige Jerra-Internetseiten enthalten Animationen, die mit Flash\u00ae realisiert sind. Damit die Animationen angezeigt werden k\u00f6nnen, ben\u00f6tigen Sie den Flash\u00ae Player ab Version 10, den Sie sich hier herunterladen k\u00f6nnen: www.adobe.com<\/p>\n<p><b>Adobe\u00ae Reader<\/b><br \/>\nEinige Jerra-Internetseiten enthalten PDF-Dokumente. Um diese Dokumente betrachten zu k\u00f6nnen, ben\u00f6tigen Sie den Adobe\u00ae Reader, den Sie sich hier herunterladen k\u00f6nnen: www.adobe.com<\/p>\n<p><b>JavaScript<\/b><br \/>\nEinige Funktionen auf den Jerra-Internetseiten setzen einen Browser mit JavaScript voraus. Daher empfehlen wir Ihnen, JavaScript in Ihrem Browser zu aktivieren.<\/p>\n<p><b>Cookies<\/b><br \/>\nEinige Funktionen auf den Jerra-Internetseiten setzen voraus, dass Cookies zugelassen sind. Daher empfehlen wir Ihnen, in Ihrem Browser Cookies zuzulassen. Weitere Hinweise zur Nutzung von Cookies erhalten Sie im Abschnitt Datenschutzhinweise der Jerra GmbH.<\/p>\n<p><\/div><\/div>\n","protected":false},"excerpt":{"rendered":"","protected":false},"author":1,"featured_media":0,"parent":0,"menu_order":0,"comment_status":"closed","ping_status":"closed","template":"","meta":{"footnotes":""},"class_list":["post-1154","page","type-page","status-publish","hentry"],"_links":{"self":[{"href":"https:\/\/www.jerra.de\/index.php?rest_route=\/wp\/v2\/pages\/1154","targetHints":{"allow":["GET"]}}],"collection":[{"href":"https:\/\/www.jerra.de\/index.php?rest_route=\/wp\/v2\/pages"}],"about":[{"href":"https:\/\/www.jerra.de\/index.php?rest_route=\/wp\/v2\/types\/page"}],"author":[{"embeddable":true,"href":"https:\/\/www.jerra.de\/index.php?rest_route=\/wp\/v2\/users\/1"}],"replies":[{"embeddable":true,"href":"https:\/\/www.jerra.de\/index.php?rest_route=%2Fwp%2Fv2%2Fcomments&post=1154"}],"version-history":[{"count":10,"href":"https:\/\/www.jerra.de\/index.php?rest_route=\/wp\/v2\/pages\/1154\/revisions"}],"predecessor-version":[{"id":1779,"href":"https:\/\/www.jerra.de\/index.php?rest_route=\/wp\/v2\/pages\/1154\/revisions\/1779"}],"wp:attachment":[{"href":"https:\/\/www.jerra.de\/index.php?rest_route=%2Fwp%2Fv2%2Fmedia&parent=1154"}],"curies":[{"name":"wp","href":"https:\/\/api.w.org\/{rel}","templated":true}]}}